{"id":3,"date":"2024-10-14T18:39:18","date_gmt":"2024-10-14T18:39:18","guid":{"rendered":"https:\/\/traslochitangi.it\/?page_id=3"},"modified":"2024-12-05T14:22:05","modified_gmt":"2024-12-05T13:22:05","slug":"termini-di-utilizzo","status":"publish","type":"page","link":"https:\/\/traslochitangi.it\/es\/termini-di-utilizzo\/","title":{"rendered":"Condiciones de uso"},"content":{"rendered":"<h3 class=\"wp-block-heading\"><strong>Condiciones de uso<\/strong><\/h3>\r\n<p>Su uso de este sitio web <a href=\"https:\/\/traslochitangi.it\/es\/\" target=\"_new\" rel=\"noopener\">www.traslochitangi.it<\/a>\u00a0implica que el usuario es consciente de las siguientes condiciones.<\/p>\r\n<p>El material contenido en el sitio web est\u00e1 protegido por derechos de autor.<\/p>\r\n<p>A menos que se indique expresamente, no puede copiar, modificar, cargar, descargar, transmitir, volver a publicar, mostrar la pantalla para su redistribuci\u00f3n a terceros con fines comerciales sin obtener el consentimiento previo por escrito de\u00a0<a href=\"mailto:info@traslochitangi.it\" rel=\"noopener\">info@traslochitangi.it<\/a>.<\/p>\r\n<p>No podr\u00e1 utilizar el contenido ni las marcas comerciales del sitio para ning\u00fan otro fin o fin distintos a los expresamente mencionados.<\/p>\r\n<p>No asumimos ninguna responsabilidad por el contenido publicado en este sitio ni por el uso que terceros puedan hacer del mismo, ni por cualquier contaminaci\u00f3n resultante del acceso, interconexi\u00f3n o descarga de materiales y software desde este sitio.<\/p>\r\n<p>Por tanto, Traslochi Tangi no ser\u00e1 en ning\u00fan caso responsable de los da\u00f1os, p\u00e9rdidas o perjuicios de cualquier tipo que puedan sufrir terceros tras el contacto con este sitio, o tras el uso de lo publicado en \u00e9l, as\u00ed como del software utilizado.<\/p>\r\n<hr \/>\r\n<h3><strong>Informaci\u00f3n sobre el tratamiento de datos personales<\/strong><\/h3>\r\n<p>Traslochi Tangi, con domicilio social en C\/ Mosterol N\u00ba7 \u2013 Planta 1, Terrassa, Cp 08221 \u2013 Espa\u00f1a y su administrador IGNAT MARIAN, NIF: Y8262556G (en adelante, \u201cEl Titular\u201d o \u201cNosotros\u201d), como responsable del tratamiento, le informa conforme a arte. 13 del Reglamento UE n. 2016\/679 (en adelante, \u201cGDPR\u201d) que sus datos personales, previo consentimiento expl\u00edcito y expreso mediante la selecci\u00f3n de la casilla correspondiente, ser\u00e1n tratados en la forma y para las finalidades que se indican a continuaci\u00f3n.<\/p>\r\n<h4><strong>Finalidad del tratamiento<\/strong><\/h4>\r\n<p>El Titular, como parte de la prestaci\u00f3n de sus servicios, descritos brevemente en el sitio web\u00a0<a href=\"https:\/\/traslochitangi.it\/es\/\">www.traslochitangi.it<\/a> (en adelante, colectivamente, los \u201cServicios\u201d), procesa datos de identificaci\u00f3n personal (por ejemplo, nombre, apellido, raz\u00f3n social, direcci\u00f3n, tel\u00e9fono, correo electr\u00f3nico) \u2013 en adelante, \u201cDatos Personales\u201d o \u201cDatos\u201d \u2013 proporcionados por usted ( en adelante denominado \u201cUsted\u201d o \u201cUsuario\u201d) al momento de estipular los contratos para la prestaci\u00f3n de los servicios del titular. El Responsable del Tratamiento podr\u00e1 tratar Datos Personales que:<\/p>\r\n<ul>\r\n<li>Usted proporciona voluntariamente (por ejemplo, informaci\u00f3n que proporciona durante el registro);<\/li>\r\n<li>El Propietario las recopila autom\u00e1ticamente (cuando accede a los Servicios, podemos recopilar cierta informaci\u00f3n directamente desde su dispositivo, utilizando cookies y otras tecnolog\u00edas similares para analizar su interacci\u00f3n con los Servicios; para obtener m\u00e1s informaci\u00f3n sobre los tipos de cookies y tecnolog\u00edas similares que utilizamos uso, los motivos y sus respectivos m\u00e9todos de control, consulte nuestra Pol\u00edtica de Cookies).<\/li>\r\n<\/ul>\r\n<h4><strong>Finalidad y base jur\u00eddica del tratamiento de datos personales<\/strong><\/h4>\r\n<p>Sus datos personales son tratados, independientemente de su consentimiento expl\u00edcito y expreso (art. 6 letra b), e) RGPD) para las siguientes finalidades:<\/p>\r\n<ul>\r\n<li>Estipulaci\u00f3n y ejecuci\u00f3n de contratos para la prestaci\u00f3n de los Servicios del Titular;<\/li>\r\n<li>Responder a sus solicitudes en el contexto de la ejecuci\u00f3n de contratos para la prestaci\u00f3n de los Servicios del Titular;<\/li>\r\n<li>Cumplimiento de obligaciones establecidas por la ley, por un reglamento, por la legislaci\u00f3n comunitaria o por orden de la Autoridad;<\/li>\r\n<li>Ejercicio de actividades relacionadas con un inter\u00e9s leg\u00edtimo del Responsable del tratamiento.<\/li>\r\n<\/ul>\r\n<p>El suministro de datos con las finalidades antes mencionadas es obligatorio para la prestaci\u00f3n de los servicios ofrecidos por el titular. De lo contrario, no podremos estipular el contrato de prestaci\u00f3n de los Servicios y\/o garantizar la correcta prestaci\u00f3n de los Servicios y\/o cumplir las obligaciones impuestas al Responsable del Tratamiento en ejecuci\u00f3n del contrato de prestaci\u00f3n de los Servicios.<\/p>\r\n<p>En particular, la base jur\u00eddica para el tratamiento de sus datos personales reside en el contexto espec\u00edfico en el que se recogen. La raz\u00f3n principal por la que recopilamos y utilizamos datos personales es la ejecuci\u00f3n del contrato del propietario para la prestaci\u00f3n de servicios. Sin embargo, tambi\u00e9n utilizaremos sus datos personales cuando dicha actividad responda a los intereses leg\u00edtimos del propietario, a menos que dicho inter\u00e9s entre en conflicto con sus intereses de protecci\u00f3n de datos o sus derechos y libertades fundamentales. En algunos casos, podemos tener la obligaci\u00f3n legal de recopilar sus datos personales (por ejemplo, como parte de procedimientos legales) o de procesar y compartir dichos datos con otras partes.<\/p>\r\n<p>Si le solicitamos que proporcione Datos Personales para cumplir con una obligaci\u00f3n legal o en la ejecuci\u00f3n de un contrato de suministro celebrado con usted, le explicaremos cu\u00e1les de estos Datos son obligatorios proporcionar y tambi\u00e9n le indicaremos las consecuencias de negarnos a proporcionarlos. datos (por ejemplo, no utilizar los Servicios).<\/p>\r\n<p>Adem\u00e1s, si recopilamos y utilizamos Datos sobre la base de intereses leg\u00edtimos (nuestros o de terceros), le indicaremos cu\u00e1les son esos intereses leg\u00edtimos en el caso espec\u00edfico.<\/p>\r\n<p>S\u00f3lo previa solicitud espec\u00edfica y distinta (art\u00edculo 7 del RGPD), para los siguientes fines de marketing:<\/p>\r\n<ul>\r\n<li>Enviarlos a trav\u00e9s de correo electr\u00f3nico, correo ordinario y\/o mensajes de texto y\/o contactos telef\u00f3nicos, newsletters, comunicaciones comerciales y\/o material publicitario sobre productos o servicios ofrecidos por el Responsable y encuestas sobre satisfacci\u00f3n con la calidad de los servicios;<\/li>\r\n<li>Enviarle comunicaciones comerciales y\/o promocionales de terceros a trav\u00e9s de correo electr\u00f3nico, correo ordinario y\/o mensajes de texto y\/o contactos telef\u00f3nicos.<\/li>\r\n<\/ul>\r\n<p>El suministro de datos para las finalidades mencionadas anteriormente es facultativo. Por tanto, podr\u00e1 decidir no facilitar ning\u00fan dato o denegar posteriormente la posibilidad de tratar los datos ya facilitados: en este caso, no podr\u00e1 recibir newsletters, comunicaciones comerciales y material publicitario relacionado con los Servicios ofrecidos por el Responsable del tratamiento. . Sin embargo, seguir\u00e1 teniendo derecho a los Servicios para los que no se requiere su consentimiento expl\u00edcito y expreso.<\/p>\r\n<p>Le informamos que si ya es cliente nuestro, podremos enviarle comunicaciones comerciales relacionadas con los servicios y productos del Titular similares a las que ya ha utilizado, salvo que no est\u00e9 de acuerdo.<\/p>\r\n<p>Si necesita m\u00e1s informaci\u00f3n sobre la base jur\u00eddica y\/o finalidades del tratamiento de sus datos, p\u00f3ngase en contacto con nosotros en: <a href=\"mailto:info@traslochitangi.it\" rel=\"noopener\">info@traslochitangi.it<\/a>.<\/p>\r\n<h4><strong>M\u00e9todos de procesamiento y comunicaci\u00f3n de datos personales.<\/strong><\/h4>\r\n<p>El tratamiento de sus datos personales se produce a trav\u00e9s de las operaciones indicadas en el art. 4 n\u00fam. 2 RGPD y m\u00e1s precisamente: recogida, registro, organizaci\u00f3n, almacenamiento, consulta, tratamiento, modificaci\u00f3n, selecci\u00f3n, extracci\u00f3n, comparaci\u00f3n, utilizaci\u00f3n, interconexi\u00f3n, bloqueo, comunicaci\u00f3n, cancelaci\u00f3n y destrucci\u00f3n de datos. Sus datos personales son tratados tanto en papel como de forma electr\u00f3nica y\/o autom\u00e1tica. Los datos personales ser\u00e1n tratados por nosotros y por sujetos (internos y externos) espec\u00edficamente autorizados por el responsable del tratamiento de conformidad con el art. 4 n\u00fam. 10 del Reglamento UE 2016\/679 y operando bajo la supervisi\u00f3n de este \u00faltimo, de acuerdo con las instrucciones recibidas y las obligaciones contractuales entre ellos. Por ejemplo, los Datos pueden ser procesados\/comunicados por\/a:<\/p>\r\n<ul>\r\n<li>Empleados y colaboradores del Responsable del tratamiento, como encargados y\/o encargados del tratamiento y\/o administradores del sistema;<\/li>\r\n<li>Empresas y\/o profesionales que realicen actividades externas por cuenta del Responsable del tratamiento, en calidad de responsables del tratamiento;<\/li>\r\n<li>Consultores designados para gestionar la contabilidad en nombre del Propietario;<\/li>\r\n<li>Abogados a quienes el Responsable del Tratamiento haya otorgado un mandato profesional espec\u00edfico.<\/li>\r\n<\/ul>\r\n<p>Los Datos a que se refiere el punto no. 1 (Objeto del tratamiento) podr\u00e1 ser comunicado a sujetos expresamente autorizados por el Responsable del tratamiento de conformidad con el art. 4 n\u00fam. 10 del Reglamento UE 2016\/679, exclusivamente para los fines previstos en el punto n. 2 (Finalidad y base jur\u00eddica del tratamiento de datos personales) y con los m\u00e9todos previstos en el punto n. 3 (M\u00e9todos de tratamiento y comunicaci\u00f3n de datos personales).<\/p>\r\n<p><strong>Los datos personales son procesados por el Responsable del tratamiento utilizando servidores ubicados en la UE.<\/strong><\/p>\r\n<p>En cualquier caso, se entiende que el Responsable del tratamiento, si fuera necesario, tendr\u00e1 derecho a trasladar los servidores de referencia incluso a territorios extracomunitarios. En este caso, el Responsable del tratamiento garantiza que la transferencia de datos fuera de la UE se realizar\u00e1 respetando las disposiciones legales aplicables, sin perjuicio de lo previsto en las cl\u00e1usulas contractuales tipo previstas por la Comisi\u00f3n Europea.<\/p>\r\n<p>El Responsable del tratamiento tratar\u00e1 los datos personales durante el tiempo necesario para cumplir las finalidades anteriormente indicadas y, en cualquier caso, durante un plazo no superior a 12 meses desde el final de la relaci\u00f3n a los efectos del tratamiento y por un plazo no superior a 12 meses desde recopilaci\u00f3n de datos con fines de marketing.<\/p>\r\n<p><strong>Derechos del interesado<\/strong><br \/>Como interesado, usted tiene los derechos a que se refieren los art\u00edculos 15 a 21 del RGPD, concretamente los derechos a:<\/p>\r\n<ul>\r\n<li>obtener confirmaci\u00f3n del Responsable del tratamiento de si se est\u00e1n tratando o no datos personales; en este caso, tiene derecho a acceder a los datos, limitado a aquellos que le conciernen, y a recibir la comunicaci\u00f3n pertinente del Responsable del tratamiento en forma comprensible;<\/li>\r\n<li>obtener indicaci\u00f3n de: a) el origen de los datos personales; b) los fines y m\u00e9todos del procesamiento; c) de la l\u00f3gica aplicada en caso de procesamiento realizado con la ayuda de instrumentos electr\u00f3nicos; d) la identidad del propietario, administrador y representante designado conforme al art. 3, p\u00e1rr. 1 del RGPD; e) de los sujetos o categor\u00edas de sujetos a quienes los datos personales pueden ser comunicados o que pueden conocerlos como representantes designados en el territorio del Estado, responsables o agentes;<\/li>\r\n<li>obtener: a) actualizaci\u00f3n, rectificaci\u00f3n o, en su caso, integraci\u00f3n de datos; b) la cancelaci\u00f3n, transformaci\u00f3n en forma an\u00f3nima o bloqueo de los datos tratados en violaci\u00f3n de la ley, incluidos los datos que no necesitan conservarse para los fines para los que fueron recogidos o tratados posteriormente; c) certificaci\u00f3n de que las operaciones mencionadas en las letras a) y b) han sido puestas en conocimiento, tambi\u00e9n en lo que respecta a su contenido, de aquellos a quienes se han comunicado o difundido los datos, a menos que este cumplimiento resulte imposible o implique el uso de medios manifiestamente desproporcionados con respecto al derecho protegido;<\/li>\r\n<li>solicitar al Responsable del tratamiento que limite el tratamiento a las condiciones y para las finalidades previstas en el art. 18 del RGPD;<\/li>\r\n<li>presentar una queja ante una autoridad supervisora;<\/li>\r\n<li>recibir, en un formato estructurado, de uso com\u00fan y legible por m\u00e1quina, los datos personales que le conciernen proporcionados al Responsable del tratamiento y transmitirlos a otro Responsable del tratamiento de conformidad y en las condiciones del art. 20 del RGPD (la llamada portabilidad de datos);<\/li>\r\n<li>oponerse, total o parcialmente: a) por motivos leg\u00edtimos, al tratamiento de datos personales que le conciernen, aunque sean pertinentes para los fines de la recogida; b) al tratamiento de datos personales que le conciernen con el fin de enviarle publicidad o material de venta directa o para realizar estudios de mercado o comunicaciones comerciales, mediante el uso de sistemas automatizados de llamada sin la intervenci\u00f3n de un operador a trav\u00e9s de correo electr\u00f3nico y\/o con m\u00e9todos tradicionales de marketing telef\u00f3nico y\/o postal. Cabe se\u00f1alar que el derecho de oposici\u00f3n del interesado, a que se refiere la letra b) anterior, para fines de marketing directo a trav\u00e9s de m\u00e9todos automatizados se extiende a los tradicionales y en todo caso existe la posibilidad para el interesado de ejercitar el derecho de oposici\u00f3n. la oposici\u00f3n tambi\u00e9n s\u00f3lo parcialmente. Por tanto, el interesado puede optar por recibir \u00fanicamente comunicaciones por medios tradicionales o \u00fanicamente comunicaciones automatizadas o ninguno de los dos tipos de comunicaci\u00f3n.<\/li>\r\n<\/ul>\r\n<p><strong>C\u00f3mo ejercer tus derechos<\/strong><br \/>Puede ejercer sus derechos en cualquier momento enviando un correo electr\u00f3nico a <a href=\"mailto:info@traslochitangi.it\" rel=\"noopener\">info@traslochitangi.it<\/a>.<br \/><strong>Propietario, gerente y personas designadas<\/strong><br \/>El Responsable del tratamiento es Mudanza Ib\u00e9rica, C\/ Mosterol N\u00ba7 \u2013 Piso 1, Terrassa, Cp 08221 \u2013 Espa\u00f1a y su administrador IGNAT MARIAN, NIF: Y8262556G. La lista actualizada de responsables del tratamiento y encargados del tratamiento se conserva en el domicilio social del Responsable del tratamiento.<\/p>\r\n<p>&nbsp;<\/p>\r\n<hr \/>\r\n<div class=\"vc_row wpb_row vc_row-fluid\">\r\n<div class=\"wpb_column vc_column_container vc_col-sm-12 sc_layouts_column_icons_position_left\">\r\n<div class=\"vc_column-inner\">\r\n<div class=\"wpb_wrapper\">\r\n<div class=\"wpb_text_column wpb_content_element\">\r\n<div class=\"wpb_wrapper\">\r\n<h3>Informaci\u00f3n sobre las cookies<\/h3>\r\n<p>Este sitio utiliza cookies, incluidas las de terceros, para mejorar la experiencia de navegaci\u00f3n y permitir a los usuarios utilizar nuestros servicios online y ser publicados seg\u00fan sus preferencias. Las cookies utilizadas en este sitio pertenecen a las categor\u00edas que se describen a continuaci\u00f3n.<\/p>\r\n<p><strong>Cookies t\u00e9cnicas<\/strong><br \/>Estas cookies son estrictamente necesarias para permitir:<\/p>\r\n<ul>\r\n<li>navegaci\u00f3n y uso del sitio web (permitiendo, por ejemplo, realizar una compra o autenticarse para acceder a \u00e1reas restringidas, \u00abcookies de navegaci\u00f3n o sesi\u00f3n\u00bb);<\/li>\r\n<li>la recopilaci\u00f3n de informaci\u00f3n, de forma agregada, sobre el n\u00famero de usuarios y c\u00f3mo visitan el sitio (\u00aban\u00e1lisis de cookies\u00bb);<\/li>\r\n<li>La navegaci\u00f3n sigue una serie de criterios seleccionados (por ejemplo, el idioma, los productos seleccionados para la compra, \u00abcookies funcionales\u00bb) con el objetivo de mejorar el servicio prestado.<\/li>\r\n<\/ul>\r\n<p><strong>Cookies de creaci\u00f3n de archivos de terceros<\/strong><br \/>Estas cookies son instaladas por terceros desde Ib\u00e9rica Mudanza y su instalaci\u00f3n requiere su consentimiento.<\/p>\r\n<p>Por ello, le informamos que contin\u00fae con la pol\u00edtica de privacidad de terceros donde podr\u00e1 manifestar su consentimiento para la instalaci\u00f3n de estas cookies, advirtiendo que si no realiza ninguna elecci\u00f3n y decide continuar navegando en esta web en todos los sentidos, ser\u00e1 consciente de ello. en uso. de estas cookies.<\/p>\r\n<p><strong>Google Analytics<\/strong><br \/>Este sitio web utiliza cookies de terceros pertenecientes a Google Inc. para registrar los datos de navegaci\u00f3n de los usuarios. Los datos as\u00ed recopilados se utilizan \u00fanicamente con el fin de generar informaci\u00f3n estad\u00edstica dentro de la herramienta de an\u00e1lisis Google Analytics.<\/p>\r\n<p>Tambi\u00e9n es posible crear un perfil demogr\u00e1fico de los usuarios, extrapolando datos estad\u00edsticamente relevantes que incluyen edad, sexo y categor\u00edas de intereses.<\/p>\r\n<p>Puede encontrar m\u00e1s informaci\u00f3n sobre el procesamiento de datos por parte de Google Inc. en la siguiente direcci\u00f3n:\u00a0<a href=\"http:\/\/www.google.com\/analytics\/learn\/privacy.html\" target=\"_blank\" rel=\"noopener\">http:\/\/www.google.com\/analytics\/learn\/privacy.html<\/a><\/p>\r\n<p>Para desactivar Google Analytics para mostrar publicidad o personalizar los tipos de anuncios que aparecen, puedes acceder a la direcci\u00f3n:\u00a0<a href=\"https:\/\/www.google.com\/settings\/ads\" target=\"_blank\" rel=\"noopener\">https:\/\/www.google.com\/settings\/ads<\/a><\/p>\r\n<p>Para desactivar completamente la recopilaci\u00f3n de datos estad\u00edsticos por parte de Google Analytics, puede instalar el complemento del navegador, que puede descargarse de forma gratuita desde la direcci\u00f3n:\u00a0<a href=\"https:\/\/tools.google.com\/dlpage\/gaoptout\/\" target=\"_blank\" rel=\"noopener\">https:\/\/tools.google.com\/dlpage\/gaoptout\/<\/a><\/p>\r\n<p><a href=\"http:\/\/www.google.com\/intl\/it\/policies\/technologies\/types\/\" target=\"_blank\" rel=\"noopener\">http:\/\/www.google.com\/intl\/it\/policies\/technologies\/types\/<\/a><br \/><a href=\"https:\/\/developers.google.com\/analytics\/devguides\/collection\/analyticsjs\/cookie-usage\" target=\"_blank\" rel=\"noopener\">https:\/\/developers.google.com\/analytics\/devguides\/collection\/analyticsjs\/cookie-usage<\/a><\/p>\r\n<p><strong>Bing<\/strong><br \/><a href=\"https:\/\/privacy.microsoft.com\/it-it\/privacystatement\/\" target=\"_blank\" rel=\"noopener\">https:\/\/privacy.microsoft.com\/it-it\/privacystatement\/<\/a><\/p>\r\n<p><strong>Facebook<\/strong><br \/><a href=\"https:\/\/www.facebook.com\/help\/cookies\/?ref=sitefooter\" target=\"_blank\" rel=\"noopener\">https:\/\/www.facebook.com\/help\/cookies\/?ref=sitefooter<\/a><br \/><a href=\"https:\/\/fbcdn-dragon-a.akamaihd.net\/hphotos-ak-xpa1\/t39.2365-6\/851576_193932070769264_1415834022_n.pdf\" target=\"_blank\" rel=\"noopener\">https:\/\/fbcdn-dragon-a.akamaihd.net\/hphotos-ak-xpa1\/t39.2365-6\/851576_193932070769264_1415834022_n.pdf<\/a><\/p>\r\n<p>Al igual que anteriormente, tambi\u00e9n puedes configurar tu navegador para permitir autom\u00e1ticamente la recepci\u00f3n de cookies activando la correspondiente opci\u00f3n:\u00a0<strong>Sin embargo, el hecho de no utilizar cookies t\u00e9cnicas puede causar dificultades al interactuar con este sitio.<\/strong><\/p>\r\n<p>Las configuraciones para administrar o desactivar cookies pueden variar seg\u00fan el navegador de Internet utilizado, especialmente para obtener m\u00e1s informaci\u00f3n sobre c\u00f3mo realizar estas operaciones, sugerimos al usuario que consulte el manual de su dispositivo o la funci\u00f3n &quot;Ayuda&quot; o &quot;Ayuda&quot;. \u00bb desde su navegador de Internet.<\/p>\r\n<p>A continuaci\u00f3n se muestran los enlaces que explican c\u00f3mo administrar o desactivar las cookies para los navegadores de Internet m\u00e1s populares:<\/p>\r\n<ul>\r\n<li>Explorador de Internet:\u00a0<a href=\"http:\/\/windows.microsoft.com\/it-IT\/internet-explorer\/delete-manage-cookies\" target=\"_blank\" rel=\"noopener\">http:\/\/windows.microsoft.com\/it-IT\/internet-explorer\/delete-manage-cookies<\/a><\/li>\r\n<li>Google Chrome:\u00a0<a href=\"https:\/\/support.google.com\/chrome\/answer\/95647\" target=\"_blank\" rel=\"noopener\">https:\/\/support.google.com\/chrome\/answer\/95647<\/a><\/li>\r\n<li>Mozilla Firefox:\u00a0<a href=\"http:\/\/support.mozilla.org\/it\/kb\/Gestione%20dei%20cookie\" target=\"_blank\" rel=\"noopener\">http:\/\/support.mozilla.org\/it\/kb\/Gestione%20dei%20cookie<\/a><\/li>\r\n<li>Trabajar:\u00a0<a href=\"https:\/\/help.opera.com\/en\/latest\/web-preferences\/#cookies\" target=\"_blank\" rel=\"noopener\">https:\/\/help.opera.com\/en\/latest\/web-preferences\/#cookies<\/a><\/li>\r\n<li>Safari:\u00a0<a href=\"https:\/\/support.apple.com\/it-it\/guide\/safari\/sfri11471\/mac\" target=\"_blank\" rel=\"noopener\">https:\/\/support.apple.com\/it-it\/guide\/safari\/sfri11471\/mac<\/a><\/li>\r\n<\/ul>\r\n<p>Conformidad con el art. 15-22 del RGPD, el usuario deber\u00e1 solicitar, por escrito a la direcci\u00f3n del propietario de este sitio, el acceso a sus datos personales, la rectificaci\u00f3n o supresi\u00f3n de sus datos o incluso simplemente la limitaci\u00f3n de su tratamiento (anonimizaci\u00f3n) o fichero. una denuncia ante la Autoridad de Protecci\u00f3n de Datos, si considera vulnerados sus derechos.<\/p>\r\n<\/div>\r\n<\/div>\r\n<\/div>\r\n<\/div>\r\n<\/div>\r\n<\/div>","protected":false},"excerpt":{"rendered":"<p>Termini di utilizzo L&#8217;utilizzo di questo sito web www.traslochitangi.it\u00a0implica che l&#8217;utente sia consapevole delle seguenti condizioni. Il materiale contenuto nel sito web \u00e8 protetto da diritti d&#8217;autore. Salvo indicazione espressa, non \u00e8 consentito copiare, modificare, caricare, scaricare, trasmettere, ripubblicare, riprodurre lo schermo per ridistribuirlo a terzi a fini commerciali senza il previo consenso scritto da [&hellip;]<\/p>","protected":false},"author":1,"featured_media":0,"parent":0,"menu_order":0,"comment_status":"closed","ping_status":"closed","template":"","meta":{"_acf_changed":false,"footnotes":""},"class_list":["post-3","page","type-page","status-publish","hentry"],"acf":[],"_links":{"self":[{"href":"https:\/\/traslochitangi.it\/es\/wp-json\/wp\/v2\/pages\/3","targetHints":{"allow":["GET"]}}],"collection":[{"href":"https:\/\/traslochitangi.it\/es\/wp-json\/wp\/v2\/pages"}],"about":[{"href":"https:\/\/traslochitangi.it\/es\/wp-json\/wp\/v2\/types\/page"}],"author":[{"embeddable":true,"href":"https:\/\/traslochitangi.it\/es\/wp-json\/wp\/v2\/users\/1"}],"replies":[{"embeddable":true,"href":"https:\/\/traslochitangi.it\/es\/wp-json\/wp\/v2\/comments?post=3"}],"version-history":[{"count":0,"href":"https:\/\/traslochitangi.it\/es\/wp-json\/wp\/v2\/pages\/3\/revisions"}],"wp:attachment":[{"href":"https:\/\/traslochitangi.it\/es\/wp-json\/wp\/v2\/media?parent=3"}],"curies":[{"name":"wp","href":"https:\/\/api.w.org\/{rel}","templated":true}]}}