{"id":426,"date":"2021-12-08T09:03:09","date_gmt":"2021-12-08T09:03:09","guid":{"rendered":"https:\/\/www.devsnews.com\/wp\/volport\/?page_id=426"},"modified":"2024-12-05T14:50:36","modified_gmt":"2024-12-05T13:50:36","slug":"noiit","status":"publish","type":"page","link":"https:\/\/traslochitangi.it\/es\/noiit\/","title":{"rendered":"A nosotros"},"content":{"rendered":"<div data-elementor-type=\"wp-page\" data-elementor-id=\"426\" class=\"elementor elementor-426\" data-elementor-post-type=\"page\">\n\t\t\t\t\t\t<section class=\"elementor-section elementor-top-section elementor-element elementor-element-e00ef53 elementor-section-full_width elementor-section-height-default elementor-section-height-default\" data-id=\"e00ef53\" data-element_type=\"section\">\n\t\t\t\t\t\t<div class=\"elementor-container elementor-column-gap-no\">\n\t\t\t\t\t<div class=\"elementor-column elementor-col-100 elementor-top-column elementor-element elementor-element-86a5749\" data-id=\"86a5749\" data-element_type=\"column\">\n\t\t\t<div class=\"elementor-widget-wrap elementor-element-populated\">\n\t\t\t\t\t\t<div class=\"elementor-element elementor-element-fdfe98c elementor-widget elementor-widget-about bdevs-el about\" data-id=\"fdfe98c\" data-element_type=\"widget\" data-settings=\"{&quot;design_style&quot;:&quot;style_3&quot;}\" data-widget_type=\"about.default\">\n\t\t\t\t<div class=\"elementor-widget-container\">\n\t\t\t\t\t        \r\n            <section class=\"approch__area fix\">\r\n                <div class=\"approch__img wow fadeInLeft2\">\r\n                    <img decoding=\"async\" src=\"https:\/\/traslochitangi.it\/wp-content\/uploads\/2024\/11\/traslochi-tangi-web-2.webp\" alt=\"img\">\r\n                <\/div>\r\n                <div class=\"container\">\r\n                    <div class=\"row g-0 wow fadeInRight2\">\r\n                        <div class=\"col-lg-12\">\r\n                            <div class=\"approch__content volport-mission__content-2\">\r\n                                <div class=\"section-title\">\r\n                                                                            <span class=\"category bdevs-el-subtitle\">Mudanzas Tangi<\/span>\r\n                                    \r\n                                                                            <h2 class=\"bdevs-el-title\">Hacemos de tu mudanza un proceso r\u00e1pido y sencillo<\/h2>\r\n                                                                    <\/div>\r\n                                <div class=\"approch__text bdevs-el-content\">\r\n                                                                            <p>Traslochi Tangi fue creado para solucionar todos los problemas que surgen cuando tienes que hacer una mudanza. Sabemos lo estresante que puede ser y todos los tr\u00e1mites que hay que hacer en una mudanza de casa, pero no te preocupes, nosotros nos encargamos de todo. T\u00fa simplemente encuentra tu nuevo lugar y nosotros nos encargamos del resto.<\/p>\r\n                                                                                                                <ul>\r\n\r\n                                                                                                                                                <li>\r\n                                                                                                                    <i aria-hidden=\"true\" class=\"far fa-check-circle\"><\/i>                                                        \r\n                                                        mudanza de casa                                                    <\/li>\r\n                                                                                                                                                                                                <li>\r\n                                                                                                                    <i aria-hidden=\"true\" class=\"far fa-check-circle\"><\/i>                                                        \r\n                                                        Reubicaci\u00f3n de la empresa                                                    <\/li>\r\n                                                                                                                                                                                                <li>\r\n                                                                                                                    <i aria-hidden=\"true\" class=\"far fa-check-circle\"><\/i>                                                        \r\n                                                        Reubicaci\u00f3n de organismos p\u00fablicos                                                    <\/li>\r\n                                                                                                                                                                                                <li>\r\n                                                                                                                    <i aria-hidden=\"true\" class=\"far fa-check-circle\"><\/i>                                                        \r\n                                                        Servicio garantizado                                                    <\/li>\r\n                                                                                                                                    <\/ul>\r\n                                                                    <\/div>\r\n                            <\/div>\r\n                        <\/div>\r\n                    <\/div>\r\n                <\/div>\r\n            <\/section>\r\n\r\n\r\n            <section class=\"mission__area volport-mission__area-2 fix\">\r\n                <div class=\"mission__img wow fadeInRight2\">\r\n                    <img decoding=\"async\" src=\"https:\/\/traslochitangi.it\/wp-content\/uploads\/2024\/11\/traslochi-tangi-web-1.webp\" alt=\"img\">\r\n                <\/div>\r\n                <div class=\"container\">\r\n                    <div class=\"row g-0 wow fadeInLeft2\">\r\n                        <div class=\"col-lg-12\">\r\n                            <div class=\"mission__content volport-mission__content-2\">\r\n                                <div class=\"section-title\">\r\n                                                                            <span class=\"category bdevs-el-subtitle\">Mudanzas Tangi<\/span>\r\n                                    \r\n                                                                            <h2 class=\"bdevs-el-title\">Mudarse es muy f\u00e1cil<\/h2>\r\n                                    \r\n                                <\/div>\r\n                                <div class=\"mission__text bdevs-el-content\">\r\n                                                                            <p>Vayas donde vayas, tus pertenencias estar\u00e1n seguras con nosotros. M\u00e1s de dos d\u00e9cadas de experiencia y m\u00e1s de 200.000 movimientos avalan nuestro trabajo. Cont\u00e1ctanos sin compromiso.<\/p>\r\n                                    \r\n                                                                            \r\n                                            <div class=\"mission__text-inner d-none d-xl-flex align-items-center\">\r\n                                                <div class=\"dot-inner dot-inner-team\">\r\n                                                    <img decoding=\"async\" src=\"https:\/\/traslochitangi.it\/wp-content\/uploads\/2024\/11\/Contacto.webp\" alt=\"cover img\">\r\n\r\n                                                    <ul class=\"dot-contact clr\">\r\n                                                        <li>\r\n                                                                                                                            <i class=\"bdevs-btn-icon fal fa-phone\" aria-hidden=\"true\"><\/i>                                                                                                                        <span><a href=\"tel:http:\/\/+3929183956\">+39 2918 3956<\/a><\/span>\r\n                                                        <\/li>\r\n                                                        <li>\r\n                                                                                                                            <i class=\"bdevs-btn-icon far fa-envelope\" aria-hidden=\"true\"><\/i>                                                                                                                        <span><a href=\"mailto:http:\/\/info@traslochitangi.it\">info@traslochitangi.it<\/a><\/span>\r\n\r\n                                                        <\/li>\r\n                                                    <\/ul>\r\n\r\n                                                <\/div>\r\n                                                <a href=\"\/es\/Contatto\/\" class=\"go-icon\"><i class=\"fal fa-long-arrow-right\"><\/i><\/a>\r\n                                            <\/div>\r\n                                                                                                            <\/div>\r\n                            <\/div>\r\n                        <\/div>\r\n                    <\/div>\r\n                <\/div>\r\n            <\/section>\r\n\r\n\r\n\r\n        \t\t\t\t<\/div>\n\t\t\t\t<\/div>\n\t\t\t\t\t<\/div>\n\t\t<\/div>\n\t\t\t\t\t<\/div>\n\t\t<\/section>\n\t\t\t\t<section class=\"elementor-section elementor-top-section elementor-element elementor-element-33d06d9 elementor-section-boxed elementor-section-height-default elementor-section-height-default\" data-id=\"33d06d9\" data-element_type=\"section\" data-settings=\"{&quot;background_background&quot;:&quot;classic&quot;}\">\n\t\t\t\t\t\t<div class=\"elementor-container elementor-column-gap-default\">\n\t\t\t\t\t<div class=\"elementor-column elementor-col-100 elementor-top-column elementor-element elementor-element-871177c\" data-id=\"871177c\" data-element_type=\"column\">\n\t\t\t<div class=\"elementor-widget-wrap elementor-element-populated\">\n\t\t\t\t\t\t<div class=\"elementor-element elementor-element-5b97706 elementor-widget elementor-widget-skill bdevs-el skill\" data-id=\"5b97706\" data-element_type=\"widget\" data-settings=\"{&quot;design_style&quot;:&quot;style_2&quot;}\" data-widget_type=\"skill.default\">\n\t\t\t\t<div class=\"elementor-widget-container\">\n\t\t\t\t\t\r\n                    <!-- skills area start  -->\r\n            <div class=\"skills-area\">\r\n                <div class=\"container\">\r\n                    <div class=\"row wow fadeInUp2\">\r\n                        <div class=\"col-xl-12\">\r\n                            <div class=\"section-title text-center mb-50\">\r\n                                                                    <span class=\"category bdevs-el-subtitle\">Nuestro proceso de mudanza<\/span>\r\n                                                                                                    <h2 class=\"bdevs-el-title\">tan simple<\/h2>\r\n                                                            <\/div>\r\n                        <\/div>\r\n                    <\/div>\r\n                                            <div class=\"row gx-5 skill-items wow fadeInUp2\">\r\n                            <i class=\"fal fa-expand-arrows center-arrow d-none d-lg-block\"><\/i>\r\n                                                            <div class=\"col-lg-6\">\r\n                                    <div class=\"single-skill mb-50\">\r\n                                        <div class=\"skill-circle\">\r\n                                                                                            <div class=\"skill-chart\">\r\n                                                    <div class=\"circlechart\" data-percentage=\"25\">\r\n                                                        <svg class=\"circle-chart\" viewbox=\"0 0 33.83098862 33.83098862\"\r\n                                                            xmlns=\"http:\/\/www.w3.org\/2000\/svg\">\r\n                                                            <circle class=\"circle-chart__background\" cx=\"16.9\" cy=\"16.9\" r=\"15.9\">\r\n                                                            <\/circle>\r\n                                                            <circle class=\"circle-chart__circle warning-stroke\"\r\n                                                                stroke-dasharray=\"30,100\" cx=\"16.9\" cy=\"16.9\" r=\"15.9\">\r\n                                                            <\/circle>\r\n                                                        <\/svg>\r\n                                                    <\/div>\r\n                                                    <div class=\"circle-chart-text\">\r\n                                                        <h3 class=\"percentage bdevs-el-number\">25<span>%<\/span><\/h3>\r\n                                                    <\/div>\r\n                                                <\/div>\r\n                                                                                    <\/div>\r\n                                                                                    <div class=\"skill-text bdevs-el-content\">\r\n                                                <p>Reserva nuestro servicio<\/p>\r\n                                            <\/div>\r\n                                                                            <\/div>\r\n                                <\/div>\r\n                                                            <div class=\"col-lg-6\">\r\n                                    <div class=\"single-skill mb-50\">\r\n                                        <div class=\"skill-circle\">\r\n                                                                                            <div class=\"skill-chart\">\r\n                                                    <div class=\"circlechart\" data-percentage=\"50\">\r\n                                                        <svg class=\"circle-chart\" viewbox=\"0 0 33.83098862 33.83098862\"\r\n                                                            xmlns=\"http:\/\/www.w3.org\/2000\/svg\">\r\n                                                            <circle class=\"circle-chart__background\" cx=\"16.9\" cy=\"16.9\" r=\"15.9\">\r\n                                                            <\/circle>\r\n                                                            <circle class=\"circle-chart__circle warning-stroke\"\r\n                                                                stroke-dasharray=\"30,100\" cx=\"16.9\" cy=\"16.9\" r=\"15.9\">\r\n                                                            <\/circle>\r\n                                                        <\/svg>\r\n                                                    <\/div>\r\n                                                    <div class=\"circle-chart-text\">\r\n                                                        <h3 class=\"percentage bdevs-el-number\">50<span>%<\/span><\/h3>\r\n                                                    <\/div>\r\n                                                <\/div>\r\n                                                                                    <\/div>\r\n                                                                                    <div class=\"skill-text bdevs-el-content\">\r\n                                                <p>Empacamos todas tus pertenencias<\/p>\r\n                                            <\/div>\r\n                                                                            <\/div>\r\n                                <\/div>\r\n                                                            <div class=\"col-lg-6\">\r\n                                    <div class=\"single-skill mb-50\">\r\n                                        <div class=\"skill-circle\">\r\n                                                                                            <div class=\"skill-chart\">\r\n                                                    <div class=\"circlechart\" data-percentage=\"85\">\r\n                                                        <svg class=\"circle-chart\" viewbox=\"0 0 33.83098862 33.83098862\"\r\n                                                            xmlns=\"http:\/\/www.w3.org\/2000\/svg\">\r\n                                                            <circle class=\"circle-chart__background\" cx=\"16.9\" cy=\"16.9\" r=\"15.9\">\r\n                                                            <\/circle>\r\n                                                            <circle class=\"circle-chart__circle warning-stroke\"\r\n                                                                stroke-dasharray=\"30,100\" cx=\"16.9\" cy=\"16.9\" r=\"15.9\">\r\n                                                            <\/circle>\r\n                                                        <\/svg>\r\n                                                    <\/div>\r\n                                                    <div class=\"circle-chart-text\">\r\n                                                        <h3 class=\"percentage bdevs-el-number\">85<span>%<\/span><\/h3>\r\n                                                    <\/div>\r\n                                                <\/div>\r\n                                                                                    <\/div>\r\n                                                                                    <div class=\"skill-text bdevs-el-content\">\r\n                                                <p>Transportamos tus mercanc\u00edas<\/p>\r\n                                            <\/div>\r\n                                                                            <\/div>\r\n                                <\/div>\r\n                                                            <div class=\"col-lg-6\">\r\n                                    <div class=\"single-skill mb-50\">\r\n                                        <div class=\"skill-circle\">\r\n                                                                                            <div class=\"skill-chart\">\r\n                                                    <div class=\"circlechart\" data-percentage=\"100\">\r\n                                                        <svg class=\"circle-chart\" viewbox=\"0 0 33.83098862 33.83098862\"\r\n                                                            xmlns=\"http:\/\/www.w3.org\/2000\/svg\">\r\n                                                            <circle class=\"circle-chart__background\" cx=\"16.9\" cy=\"16.9\" r=\"15.9\">\r\n                                                            <\/circle>\r\n                                                            <circle class=\"circle-chart__circle warning-stroke\"\r\n                                                                stroke-dasharray=\"30,100\" cx=\"16.9\" cy=\"16.9\" r=\"15.9\">\r\n                                                            <\/circle>\r\n                                                        <\/svg>\r\n                                                    <\/div>\r\n                                                    <div class=\"circle-chart-text\">\r\n                                                        <h3 class=\"percentage bdevs-el-number\">100<span>%<\/span><\/h3>\r\n                                                    <\/div>\r\n                                                <\/div>\r\n                                                                                    <\/div>\r\n                                                                                    <div class=\"skill-text bdevs-el-content\">\r\n                                                <p>Desempaquetamos y arreglamos todo en orden.<\/p>\r\n                                            <\/div>\r\n                                                                            <\/div>\r\n                                <\/div>\r\n                                                    <\/div>\r\n                                    <\/div>\r\n            <\/div>\r\n            <!-- skills area end -->\r\n        \t\t\t\t<\/div>\n\t\t\t\t<\/div>\n\t\t\t\t\t<\/div>\n\t\t<\/div>\n\t\t\t\t\t<\/div>\n\t\t<\/section>\n\t\t\t\t<\/div>","protected":false},"excerpt":{"rendered":"<p>Traslochi Tangi Rendiamo il tuo trasloco un processo facile e veloce Traslochi Tangi \u00e8 nato per risolvere tutti i problemi che sorgono quando si deve fare un trasloco. Sappiamo quanto possa essere stressante e tutte le pratiche che devono essere fatte quando si cambia casa, ma non preoccuparti, ci occupiamo noi di tutto. Tu trova [&hellip;]<\/p>","protected":false},"author":1,"featured_media":0,"parent":0,"menu_order":0,"comment_status":"closed","ping_status":"closed","template":"elementor_header_footer","meta":{"_acf_changed":false,"footnotes":""},"class_list":["post-426","page","type-page","status-publish","hentry"],"acf":[],"_links":{"self":[{"href":"https:\/\/traslochitangi.it\/es\/wp-json\/wp\/v2\/pages\/426","targetHints":{"allow":["GET"]}}],"collection":[{"href":"https:\/\/traslochitangi.it\/es\/wp-json\/wp\/v2\/pages"}],"about":[{"href":"https:\/\/traslochitangi.it\/es\/wp-json\/wp\/v2\/types\/page"}],"author":[{"embeddable":true,"href":"https:\/\/traslochitangi.it\/es\/wp-json\/wp\/v2\/users\/1"}],"replies":[{"embeddable":true,"href":"https:\/\/traslochitangi.it\/es\/wp-json\/wp\/v2\/comments?post=426"}],"version-history":[{"count":0,"href":"https:\/\/traslochitangi.it\/es\/wp-json\/wp\/v2\/pages\/426\/revisions"}],"wp:attachment":[{"href":"https:\/\/traslochitangi.it\/es\/wp-json\/wp\/v2\/media?parent=426"}],"curies":[{"name":"wp","href":"https:\/\/api.w.org\/{rel}","templated":true}]}}